{"id":426,"date":"2015-06-24T17:35:09","date_gmt":"2015-06-24T05:35:09","guid":{"rendered":"http:\/\/wellingtonsouthcatholic.org\/?page_id=426"},"modified":"2024-10-10T10:36:26","modified_gmt":"2024-10-09T21:36:26","slug":"suzanne-aubert","status":"publish","type":"page","link":"https:\/\/wellingtonsouthcatholic.org\/?page_id=426","title":{"rendered":"Suzanne Aubert"},"content":{"rendered":"<p style=\"text-align: center;\">The interim name given by Cardinal Dew to our new parish, \u2018The Catholic Parish of Wellington South\u2019, will change to \u2018Wellington South Parish of The Blessed Suzanne Aubert&#8221; as soon as \u00a0news of Suzanne Aubert\u2019s beatification is confirmed.<\/p>\n<p style=\"text-align: center;\"><img loading=\"lazy\" decoding=\"async\" class=\"aligncenter size-full wp-image-431\" src=\"https:\/\/wellingtonsouthcatholic.org\/wp-content\/uploads\/2015\/06\/suzanneaubert.jpg\" alt=\"suzanneaubert\" width=\"125\" height=\"205\" \/><\/p>\n<p style=\"text-align: center;\">\u00a0To learn more about Suzanne Aubert,\u00a0founder of\u00a0the Sisters of Compassion, visit their website:<strong><a href=\"http:\/\/www.compassion.org.nz\/\" target=\"_blank\" rel=\"noopener\"><img loading=\"lazy\" decoding=\"async\" class=\"aligncenter wp-image-558 size-medium\" src=\"https:\/\/wellingtonsouthcatholic.org\/wp-content\/uploads\/2015\/06\/HomesOfCompassion_logo-300x147.jpg\" alt=\"HomesOfCompassion_logo\" width=\"300\" height=\"147\" srcset=\"https:\/\/wellingtonsouthcatholic.org\/wp-content\/uploads\/2015\/06\/HomesOfCompassion_logo-300x147.jpg 300w, https:\/\/wellingtonsouthcatholic.org\/wp-content\/uploads\/2015\/06\/HomesOfCompassion_logo.jpg 685w\" sizes=\"auto, (max-width: 300px) 100vw, 300px\" \/><\/a><\/strong><\/p>\n<p style=\"text-align: center;\"><img loading=\"lazy\" decoding=\"async\" class=\"aligncenter size-full wp-image-300\" src=\"https:\/\/wellingtonsouthcatholic.org\/wp-content\/uploads\/2015\/04\/line.jpg\" alt=\"line\" width=\"935\" height=\"8\" srcset=\"https:\/\/wellingtonsouthcatholic.org\/wp-content\/uploads\/2015\/04\/line.jpg 935w, https:\/\/wellingtonsouthcatholic.org\/wp-content\/uploads\/2015\/04\/line-300x3.jpg 300w\" sizes=\"auto, (max-width: 935px) 100vw, 935px\" \/><\/p>\n<p style=\"text-align: center;\">The journey to Sainthood for New Zealand&#8217;s first Saint is documented on this website:<\/p>\n<p style=\"text-align: center;\"><a href=\"http:\/\/suzanneaubert.co.nz\/\" target=\"_blank\" rel=\"noopener\"><img loading=\"lazy\" decoding=\"async\" class=\"aligncenter size-full wp-image-420\" src=\"https:\/\/wellingtonsouthcatholic.org\/wp-content\/uploads\/2015\/05\/suzanneaubertlogo.jpg\" alt=\"suzanneaubertlogo\" width=\"311\" height=\"70\" srcset=\"https:\/\/wellingtonsouthcatholic.org\/wp-content\/uploads\/2015\/05\/suzanneaubertlogo.jpg 311w, https:\/\/wellingtonsouthcatholic.org\/wp-content\/uploads\/2015\/05\/suzanneaubertlogo-300x68.jpg 300w\" sizes=\"auto, (max-width: 311px) 100vw, 311px\" \/><\/a><\/p>\n<p><img loading=\"lazy\" decoding=\"async\" class=\"aligncenter size-full wp-image-300\" src=\"https:\/\/wellingtonsouthcatholic.org\/wp-content\/uploads\/2015\/04\/line.jpg\" alt=\"line\" width=\"935\" height=\"8\" srcset=\"https:\/\/wellingtonsouthcatholic.org\/wp-content\/uploads\/2015\/04\/line.jpg 935w, https:\/\/wellingtonsouthcatholic.org\/wp-content\/uploads\/2015\/04\/line-300x3.jpg 300w\" sizes=\"auto, (max-width: 935px) 100vw, 935px\" \/><\/p>\n<h1 style=\"text-align: center;\"><strong>PRAYER FOR THE BEATIFICATION OF SUZANNE AUBERT<\/strong><\/h1>\n<p style=\"padding-left: 60px;\">Lord Jesus Christ, you taught us that as often as we show compassion\u00a0to the least of your brothers and sisters, we show it to you.<br \/>\nHear our prayers that Venerable Suzanne Aubert, who loved the\u00a0M\u0101ori people and devoted her life to the poor, the sick and the\u00a0underprivileged,<br \/>\nand whom the Church has declared to be one of your\u00a0true and humble followers, may soon be recognised as a saint.<br \/>\n<strong>Amen<\/strong>.<\/p>\n<h1 style=\"text-align: center;\"><strong>He \u012anoi m\u014d te H\u0101totanga o te Kahurangi nei a Meri H\u014dhepa<\/strong><\/h1>\n<p style=\"padding-left: 60px;\">E te Ariki e H\u0113hu Karaiti, n\u0101u m\u0101tou i whakaako m\u0113n\u0101 ka puaki atu m\u0101tou i te p\u016baroha m\u014d te iti, ar\u0101, ng\u0101 t\u0113ina, ng\u0101 tu\u0101kana, ng\u0101 tu\u0101hine me ng\u0101 tung\u0101ne, k\u0101tahi ka whakaatu m\u0101tou i te p\u016baroha ki \u0101 koe.<br \/>\nWhakarongo mai ki \u0101 m\u0101tou \u012bnoinga ki a Meri H\u014dhepa te Wahine Kahurangi n\u0101na i te aroha te iwi M\u0101ori. N\u0101na i awhi ng\u0101 t\u0101ngata p\u014dhara, ng\u0101 t\u016broro, me ng\u0101 t\u0101ngata rawakore. Meatia t\u0113na, kua karanga rawa atu te H\u0101hi i t\u0113tahi t\u0101ngata o \u0101u pononga tapu, o \u0101u t\u0101ngata m\u0101haki hoki. \u0100 te w\u0101 tonu, m\u0101 te katoa e m\u014dhio mai t\u014dna H\u0101totanga.<br \/>\n<strong>\u0100mene.<\/strong><\/p>\n<p><a href=\"https:\/\/wellingtonsouthcatholic.org\/wp-content\/uploads\/2015\/12\/compassionrose.jpg\"><img loading=\"lazy\" decoding=\"async\" class=\"wp-image-1069 aligncenter\" src=\"https:\/\/wellingtonsouthcatholic.org\/wp-content\/uploads\/2015\/12\/compassionrose.jpg\" alt=\"compassionrose\" width=\"239\" height=\"100\" srcset=\"https:\/\/wellingtonsouthcatholic.org\/wp-content\/uploads\/2015\/12\/compassionrose.jpg 430w, https:\/\/wellingtonsouthcatholic.org\/wp-content\/uploads\/2015\/12\/compassionrose-300x126.jpg 300w\" sizes=\"auto, (max-width: 239px) 100vw, 239px\" \/><\/a><\/p>\n","protected":false},"excerpt":{"rendered":"<p>The interim name given by Cardinal Dew to our new parish, \u2018The Catholic Parish of Wellington South\u2019, will change to \u2018Wellington South Parish of The Blessed Suzanne Aubert&#8221; as soon <a class=\"more-link\" href=\"https:\/\/wellingtonsouthcatholic.org\/?page_id=426\">Continue Reading &rarr;<\/a><\/p>\n","protected":false},"author":3,"featured_media":0,"parent":0,"menu_order":0,"comment_status":"closed","ping_status":"closed","template":"","meta":{"footnotes":""},"class_list":["post-426","page","type-page","status-publish","hentry"],"_links":{"self":[{"href":"https:\/\/wellingtonsouthcatholic.org\/index.php?rest_route=\/wp\/v2\/pages\/426","targetHints":{"allow":["GET"]}}],"collection":[{"href":"https:\/\/wellingtonsouthcatholic.org\/index.php?rest_route=\/wp\/v2\/pages"}],"about":[{"href":"https:\/\/wellingtonsouthcatholic.org\/index.php?rest_route=\/wp\/v2\/types\/page"}],"author":[{"embeddable":true,"href":"https:\/\/wellingtonsouthcatholic.org\/index.php?rest_route=\/wp\/v2\/users\/3"}],"replies":[{"embeddable":true,"href":"https:\/\/wellingtonsouthcatholic.org\/index.php?rest_route=%2Fwp%2Fv2%2Fcomments&post=426"}],"version-history":[{"count":10,"href":"https:\/\/wellingtonsouthcatholic.org\/index.php?rest_route=\/wp\/v2\/pages\/426\/revisions"}],"predecessor-version":[{"id":8094,"href":"https:\/\/wellingtonsouthcatholic.org\/index.php?rest_route=\/wp\/v2\/pages\/426\/revisions\/8094"}],"wp:attachment":[{"href":"https:\/\/wellingtonsouthcatholic.org\/index.php?rest_route=%2Fwp%2Fv2%2Fmedia&parent=426"}],"curies":[{"name":"wp","href":"https:\/\/api.w.org\/{rel}","templated":true}]}}